{"id":627,"date":"2024-02-07T12:41:23","date_gmt":"2024-02-07T12:41:23","guid":{"rendered":"https:\/\/galapagosdreamstours.com\/site\/?post_type=product&#038;p=627"},"modified":"2024-02-07T12:46:40","modified_gmt":"2024-02-07T12:46:40","slug":"cursos-de-buceo-padi","status":"publish","type":"product","link":"https:\/\/galapagosdreamstours.com\/site\/tienda\/isla\/santa-cruz\/cursos-de-buceo-padi\/","title":{"rendered":"Cursos de Buceo PADI"},"content":{"rendered":"","protected":false},"excerpt":{"rendered":"<p>Ofrecemos 3 cursos PADI: si est\u00e1s interesado en realizar tu primer contacto submarino puedes realizar el curso PADI Open Water (aprender a bucear en Gal\u00e1pagos); si est\u00e1s buscando obtener m\u00e1s experiencia puedes realizar el curso Advance Open Water, Rescue Diver o DiveMaster.<\/p>\n","protected":false},"featured_media":634,"comment_status":"open","ping_status":"closed","template":"","meta":[],"product_brand":[],"product_cat":[59,55],"product_tag":[],"class_list":{"0":"post-627","1":"product","2":"type-product","3":"status-publish","4":"has-post-thumbnail","6":"product_cat-santa-cruz","7":"product_cat-tour-de-buceo","9":"first","10":"instock","11":"virtual","12":"sold-individually","13":"purchasable","14":"product-type-booking"},"booking_location":"","booking_location_type":"","booking_duration":1,"booking_duration_unit":"day","booking_buffer":0,"booking_cost":0,"booking_resources":[],"gallery_images":[629,630,631,632,633],"_links":{"self":[{"href":"https:\/\/galapagosdreamstours.com\/site\/wp-json\/wp\/v2\/product\/627","targetHints":{"allow":["GET"]}}],"collection":[{"href":"https:\/\/galapagosdreamstours.com\/site\/wp-json\/wp\/v2\/product"}],"about":[{"href":"https:\/\/galapagosdreamstours.com\/site\/wp-json\/wp\/v2\/types\/product"}],"replies":[{"embeddable":true,"href":"https:\/\/galapagosdreamstours.com\/site\/wp-json\/wp\/v2\/comments?post=627"}],"wp:featuredmedia":[{"embeddable":true,"href":"https:\/\/galapagosdreamstours.com\/site\/wp-json\/wp\/v2\/media\/634"}],"wp:attachment":[{"href":"https:\/\/galapagosdreamstours.com\/site\/wp-json\/wp\/v2\/media?parent=627"}],"wp:term":[{"taxonomy":"product_brand","embeddable":true,"href":"https:\/\/galapagosdreamstours.com\/site\/wp-json\/wp\/v2\/product_brand?post=627"},{"taxonomy":"product_cat","embeddable":true,"href":"https:\/\/galapagosdreamstours.com\/site\/wp-json\/wp\/v2\/product_cat?post=627"},{"taxonomy":"product_tag","embeddable":true,"href":"https:\/\/galapagosdreamstours.com\/site\/wp-json\/wp\/v2\/product_tag?post=627"}],"curies":[{"name":"wp","href":"https:\/\/api.w.org\/{rel}","templated":true}]}}